{"id":1493,"date":"2017-06-19T07:08:22","date_gmt":"2017-06-19T07:08:22","guid":{"rendered":"https:\/\/opticashv.com\/index.php\/contact\/"},"modified":"2021-03-29T05:46:57","modified_gmt":"2021-03-29T05:46:57","slug":"contacto","status":"publish","type":"page","link":"https:\/\/opticashv.com\/index.php\/contacto\/","title":{"rendered":"Contacto"},"content":{"rendered":"\t\t<div data-elementor-type=\"wp-post\" data-elementor-id=\"1493\" class=\"elementor elementor-1493\">\n\t\t\t\t\t\t\t\t\t<section class=\"elementor-section elementor-top-section elementor-element elementor-element-27e672c elementor-section-stretched elementor-section-height-min-height elementor-section-boxed elementor-section-height-default elementor-section-items-middle elementor-invisible\" data-id=\"27e672c\" data-element_type=\"section\" data-settings=\"{&quot;background_background&quot;:&quot;classic&quot;,&quot;stretch_section&quot;:&quot;section-stretched&quot;,&quot;animation&quot;:&quot;fadeIn&quot;}\">\n\t\t\t\t\t\t\t<div class=\"elementor-background-overlay\"><\/div>\n\t\t\t\t\t\t\t<div class=\"elementor-container elementor-column-gap-no\">\n\t\t\t\t\t<div class=\"elementor-column elementor-col-100 elementor-top-column elementor-element elementor-element-102e8c96\" data-id=\"102e8c96\" data-element_type=\"column\">\n\t\t\t<div class=\"elementor-widget-wrap elementor-element-populated\">\n\t\t\t\t\t\t\t\t<div class=\"elementor-element elementor-element-3ff970b0 elementor-widget elementor-widget-heading\" data-id=\"3ff970b0\" data-element_type=\"widget\" data-widget_type=\"heading.default\">\n\t\t\t\t<div class=\"elementor-widget-container\">\n\t\t\t<h1 class=\"elementor-heading-title elementor-size-default\">Cont\u00e1ctanos<\/h1>\t\t<\/div>\n\t\t\t\t<\/div>\n\t\t\t\t<div class=\"elementor-element elementor-element-65c4d7be elementor-widget elementor-widget-text-editor\" data-id=\"65c4d7be\" data-element_type=\"widget\" data-widget_type=\"text-editor.default\">\n\t\t\t\t<div class=\"elementor-widget-container\">\n\t\t\t\t\t\t\t\t\t\t\t\t\t<\/div>\n\t\t\t\t<\/div>\n\t\t\t\t\t<\/div>\n\t\t<\/div>\n\t\t\t\t\t\t\t<\/div>\n\t\t<\/section>\n\t\t\t\t<section class=\"elementor-section elementor-top-section elementor-element elementor-element-34b42acb elementor-section-content-middle elementor-section-boxed elementor-section-height-default elementor-section-height-default\" data-id=\"34b42acb\" data-element_type=\"section\" data-settings=\"{&quot;background_background&quot;:&quot;classic&quot;}\">\n\t\t\t\t\t\t<div class=\"elementor-container elementor-column-gap-no\">\n\t\t\t\t\t<div class=\"elementor-column elementor-col-50 elementor-top-column elementor-element elementor-element-5bb089fc\" data-id=\"5bb089fc\" data-element_type=\"column\">\n\t\t\t<div class=\"elementor-widget-wrap elementor-element-populated\">\n\t\t\t\t\t\t\t\t<div class=\"elementor-element elementor-element-26bf1519 elementor-widget elementor-widget-heading\" data-id=\"26bf1519\" data-element_type=\"widget\" data-widget_type=\"heading.default\">\n\t\t\t\t<div class=\"elementor-widget-container\">\n\t\t\t<h5 class=\"elementor-heading-title elementor-size-default\">CONTACTO<\/h5>\t\t<\/div>\n\t\t\t\t<\/div>\n\t\t\t\t<div class=\"elementor-element elementor-element-ea2ecb8 elementor-icon-list--layout-traditional elementor-list-item-link-full_width elementor-widget elementor-widget-icon-list\" data-id=\"ea2ecb8\" data-element_type=\"widget\" data-widget_type=\"icon-list.default\">\n\t\t\t\t<div class=\"elementor-widget-container\">\n\t\t\t\t\t<ul class=\"elementor-icon-list-items\">\n\t\t\t\t\t\t\t<li class=\"elementor-icon-list-item\">\n\t\t\t\t\t\t\t\t\t\t\t<span class=\"elementor-icon-list-icon\">\n\t\t\t\t\t\t\t<i aria-hidden=\"true\" class=\"fas fa-directions\"><\/i>\t\t\t\t\t\t<\/span>\n\t\t\t\t\t\t\t\t\t\t<span class=\"elementor-icon-list-text\">Av. Pedro Vicente Maldonado y Jos\u00e9 Antonio de Rocha, esquina. A 600 m de la entrada principal la ESPOCH.<\/span>\n\t\t\t\t\t\t\t\t\t<\/li>\n\t\t\t\t\t\t<\/ul>\n\t\t\t\t<\/div>\n\t\t\t\t<\/div>\n\t\t\t\t<section class=\"elementor-section elementor-inner-section elementor-element elementor-element-49fc174 elementor-section-boxed elementor-section-height-default elementor-section-height-default\" data-id=\"49fc174\" data-element_type=\"section\">\n\t\t\t\t\t\t<div class=\"elementor-container elementor-column-gap-default\">\n\t\t\t\t\t<div class=\"elementor-column elementor-col-100 elementor-inner-column elementor-element elementor-element-e5338ae\" data-id=\"e5338ae\" data-element_type=\"column\">\n\t\t\t<div class=\"elementor-widget-wrap elementor-element-populated\">\n\t\t\t\t\t\t\t\t<div class=\"elementor-element elementor-element-bfb50b4 elementor-widget elementor-widget-image\" data-id=\"bfb50b4\" data-element_type=\"widget\" data-widget_type=\"image.default\">\n\t\t\t\t<div class=\"elementor-widget-container\">\n\t\t\t\t\t\t\t\t\t\t\t\t\t\t\t<img width=\"1024\" height=\"768\" src=\"https:\/\/opticashv.com\/wp-content\/uploads\/2021\/03\/WhatsApp-Image-2020-08-07-at-17.07.33-1024x768.jpeg\" class=\"attachment-large size-large\" alt=\"\" loading=\"lazy\" srcset=\"https:\/\/opticashv.com\/wp-content\/uploads\/2021\/03\/WhatsApp-Image-2020-08-07-at-17.07.33-1024x768.jpeg 1024w, https:\/\/opticashv.com\/wp-content\/uploads\/2021\/03\/WhatsApp-Image-2020-08-07-at-17.07.33-300x225.jpeg 300w, https:\/\/opticashv.com\/wp-content\/uploads\/2021\/03\/WhatsApp-Image-2020-08-07-at-17.07.33-768x576.jpeg 768w, https:\/\/opticashv.com\/wp-content\/uploads\/2021\/03\/WhatsApp-Image-2020-08-07-at-17.07.33.jpeg 1280w\" sizes=\"(max-width: 1024px) 100vw, 1024px\" \/>\t\t\t\t\t\t\t\t\t\t\t\t\t\t\t<\/div>\n\t\t\t\t<\/div>\n\t\t\t\t\t<\/div>\n\t\t<\/div>\n\t\t\t\t\t\t\t<\/div>\n\t\t<\/section>\n\t\t\t\t\t<\/div>\n\t\t<\/div>\n\t\t\t\t<div class=\"elementor-column elementor-col-50 elementor-top-column elementor-element elementor-element-90e427c\" data-id=\"90e427c\" data-element_type=\"column\">\n\t\t\t<div class=\"elementor-widget-wrap elementor-element-populated\">\n\t\t\t\t\t\t\t\t<div class=\"elementor-element elementor-element-26ccaea5 elementor-widget elementor-widget-google_maps\" data-id=\"26ccaea5\" data-element_type=\"widget\" data-widget_type=\"google_maps.default\">\n\t\t\t\t<div class=\"elementor-widget-container\">\n\t\t\t\t\t<div class=\"elementor-custom-embed\">\n\t\t\t<iframe frameborder=\"0\" scrolling=\"no\" marginheight=\"0\" marginwidth=\"0\"\n\t\t\t\t\tsrc=\"https:\/\/maps.google.com\/maps?q=opticas%20happy%20vision&#038;t=m&#038;z=18&#038;output=embed&#038;iwloc=near\"\n\t\t\t\t\ttitle=\"opticas happy vision\"\n\t\t\t\t\taria-label=\"opticas happy vision\"\n\t\t\t><\/iframe>\n\t\t<\/div>\n\t\t\t\t<\/div>\n\t\t\t\t<\/div>\n\t\t\t\t\t<\/div>\n\t\t<\/div>\n\t\t\t\t\t\t\t<\/div>\n\t\t<\/section>\n\t\t\t\t\t\t\t<\/div>\n\t\t","protected":false},"excerpt":{"rendered":"<p>Cont\u00e1ctanos CONTACTO Av. Pedro Vicente Maldonado y Jos\u00e9 Antonio de Rocha, esquina. A 600 m de la entrada principal la ESPOCH.<\/p>\n","protected":false},"author":1,"featured_media":0,"parent":0,"menu_order":0,"comment_status":"closed","ping_status":"closed","template":"","meta":{"om_disable_all_campaigns":false,"_monsterinsights_skip_tracking":false,"_monsterinsights_sitenote_active":false,"_monsterinsights_sitenote_note":"","_monsterinsights_sitenote_category":0},"yoast_head":"<!-- This site is optimized with the Yoast SEO plugin v18.4.1 - https:\/\/yoast.com\/wordpress\/plugins\/seo\/ -->\n<title>Contacto - \u00d3pticas Happy Vision<\/title>\n<meta name=\"robots\" content=\"index, follow, max-snippet:-1, max-image-preview:large, max-video-preview:-1\" \/>\n<link rel=\"canonical\" href=\"https:\/\/opticashv.com\/index.php\/contacto\/\" \/>\n<meta property=\"og:locale\" content=\"en_US\" \/>\n<meta property=\"og:type\" content=\"article\" \/>\n<meta property=\"og:title\" content=\"Contacto - \u00d3pticas Happy Vision\" \/>\n<meta property=\"og:description\" content=\"Cont\u00e1ctanos CONTACTO Av. Pedro Vicente Maldonado y Jos\u00e9 Antonio de Rocha, esquina. A 600 m de la entrada principal la ESPOCH.\" \/>\n<meta property=\"og:url\" content=\"https:\/\/opticashv.com\/index.php\/contacto\/\" \/>\n<meta property=\"og:site_name\" content=\"\u00d3pticas Happy Vision\" \/>\n<meta property=\"article:modified_time\" content=\"2021-03-29T05:46:57+00:00\" \/>\n<meta property=\"og:image\" content=\"https:\/\/opticashv.com\/wp-content\/uploads\/2021\/03\/WhatsApp-Image-2020-08-07-at-17.07.33-1024x768.jpeg\" \/>\n<meta name=\"twitter:card\" content=\"summary_large_image\" \/>\n<meta name=\"twitter:label1\" content=\"Est. reading time\" \/>\n\t<meta name=\"twitter:data1\" content=\"1 minute\" \/>\n<script type=\"application\/ld+json\" class=\"yoast-schema-graph\">{\"@context\":\"https:\/\/schema.org\",\"@graph\":[{\"@type\":\"WebSite\",\"@id\":\"https:\/\/opticashv.com\/#website\",\"url\":\"https:\/\/opticashv.com\/\",\"name\":\"\u00d3pticas Happy Vision\",\"description\":\"\",\"potentialAction\":[{\"@type\":\"SearchAction\",\"target\":{\"@type\":\"EntryPoint\",\"urlTemplate\":\"https:\/\/opticashv.com\/?s={search_term_string}\"},\"query-input\":\"required name=search_term_string\"}],\"inLanguage\":\"en-US\"},{\"@type\":\"ImageObject\",\"@id\":\"https:\/\/opticashv.com\/index.php\/contacto\/#primaryimage\",\"inLanguage\":\"en-US\",\"url\":\"https:\/\/opticashv.com\/wp-content\/uploads\/2021\/03\/WhatsApp-Image-2020-08-07-at-17.07.33.jpeg\",\"contentUrl\":\"https:\/\/opticashv.com\/wp-content\/uploads\/2021\/03\/WhatsApp-Image-2020-08-07-at-17.07.33.jpeg\",\"width\":1280,\"height\":960},{\"@type\":\"WebPage\",\"@id\":\"https:\/\/opticashv.com\/index.php\/contacto\/#webpage\",\"url\":\"https:\/\/opticashv.com\/index.php\/contacto\/\",\"name\":\"Contacto - \u00d3pticas Happy Vision\",\"isPartOf\":{\"@id\":\"https:\/\/opticashv.com\/#website\"},\"primaryImageOfPage\":{\"@id\":\"https:\/\/opticashv.com\/index.php\/contacto\/#primaryimage\"},\"datePublished\":\"2017-06-19T07:08:22+00:00\",\"dateModified\":\"2021-03-29T05:46:57+00:00\",\"breadcrumb\":{\"@id\":\"https:\/\/opticashv.com\/index.php\/contacto\/#breadcrumb\"},\"inLanguage\":\"en-US\",\"potentialAction\":[{\"@type\":\"ReadAction\",\"target\":[\"https:\/\/opticashv.com\/index.php\/contacto\/\"]}]},{\"@type\":\"BreadcrumbList\",\"@id\":\"https:\/\/opticashv.com\/index.php\/contacto\/#breadcrumb\",\"itemListElement\":[{\"@type\":\"ListItem\",\"position\":1,\"name\":\"Home\",\"item\":\"https:\/\/opticashv.com\/\"},{\"@type\":\"ListItem\",\"position\":2,\"name\":\"Contacto\"}]}]}<\/script>\n<!-- \/ Yoast SEO plugin. -->","yoast_head_json":{"title":"Contacto - \u00d3pticas Happy Vision","robots":{"index":"index","follow":"follow","max-snippet":"max-snippet:-1","max-image-preview":"max-image-preview:large","max-video-preview":"max-video-preview:-1"},"canonical":"https:\/\/opticashv.com\/index.php\/contacto\/","og_locale":"en_US","og_type":"article","og_title":"Contacto - \u00d3pticas Happy Vision","og_description":"Cont\u00e1ctanos CONTACTO Av. Pedro Vicente Maldonado y Jos\u00e9 Antonio de Rocha, esquina. A 600 m de la entrada principal la ESPOCH.","og_url":"https:\/\/opticashv.com\/index.php\/contacto\/","og_site_name":"\u00d3pticas Happy Vision","article_modified_time":"2021-03-29T05:46:57+00:00","og_image":[{"url":"https:\/\/opticashv.com\/wp-content\/uploads\/2021\/03\/WhatsApp-Image-2020-08-07-at-17.07.33-1024x768.jpeg"}],"twitter_card":"summary_large_image","twitter_misc":{"Est. reading time":"1 minute"},"schema":{"@context":"https:\/\/schema.org","@graph":[{"@type":"WebSite","@id":"https:\/\/opticashv.com\/#website","url":"https:\/\/opticashv.com\/","name":"\u00d3pticas Happy Vision","description":"","potentialAction":[{"@type":"SearchAction","target":{"@type":"EntryPoint","urlTemplate":"https:\/\/opticashv.com\/?s={search_term_string}"},"query-input":"required name=search_term_string"}],"inLanguage":"en-US"},{"@type":"ImageObject","@id":"https:\/\/opticashv.com\/index.php\/contacto\/#primaryimage","inLanguage":"en-US","url":"https:\/\/opticashv.com\/wp-content\/uploads\/2021\/03\/WhatsApp-Image-2020-08-07-at-17.07.33.jpeg","contentUrl":"https:\/\/opticashv.com\/wp-content\/uploads\/2021\/03\/WhatsApp-Image-2020-08-07-at-17.07.33.jpeg","width":1280,"height":960},{"@type":"WebPage","@id":"https:\/\/opticashv.com\/index.php\/contacto\/#webpage","url":"https:\/\/opticashv.com\/index.php\/contacto\/","name":"Contacto - \u00d3pticas Happy Vision","isPartOf":{"@id":"https:\/\/opticashv.com\/#website"},"primaryImageOfPage":{"@id":"https:\/\/opticashv.com\/index.php\/contacto\/#primaryimage"},"datePublished":"2017-06-19T07:08:22+00:00","dateModified":"2021-03-29T05:46:57+00:00","breadcrumb":{"@id":"https:\/\/opticashv.com\/index.php\/contacto\/#breadcrumb"},"inLanguage":"en-US","potentialAction":[{"@type":"ReadAction","target":["https:\/\/opticashv.com\/index.php\/contacto\/"]}]},{"@type":"BreadcrumbList","@id":"https:\/\/opticashv.com\/index.php\/contacto\/#breadcrumb","itemListElement":[{"@type":"ListItem","position":1,"name":"Home","item":"https:\/\/opticashv.com\/"},{"@type":"ListItem","position":2,"name":"Contacto"}]}]}},"_links":{"self":[{"href":"https:\/\/opticashv.com\/index.php\/wp-json\/wp\/v2\/pages\/1493"}],"collection":[{"href":"https:\/\/opticashv.com\/index.php\/wp-json\/wp\/v2\/pages"}],"about":[{"href":"https:\/\/opticashv.com\/index.php\/wp-json\/wp\/v2\/types\/page"}],"author":[{"embeddable":true,"href":"https:\/\/opticashv.com\/index.php\/wp-json\/wp\/v2\/users\/1"}],"replies":[{"embeddable":true,"href":"https:\/\/opticashv.com\/index.php\/wp-json\/wp\/v2\/comments?post=1493"}],"version-history":[{"count":16,"href":"https:\/\/opticashv.com\/index.php\/wp-json\/wp\/v2\/pages\/1493\/revisions"}],"predecessor-version":[{"id":1777,"href":"https:\/\/opticashv.com\/index.php\/wp-json\/wp\/v2\/pages\/1493\/revisions\/1777"}],"wp:attachment":[{"href":"https:\/\/opticashv.com\/index.php\/wp-json\/wp\/v2\/media?parent=1493"}],"curies":[{"name":"wp","href":"https:\/\/api.w.org\/{rel}","templated":true}]}}